{"id":115,"date":"2020-07-23T20:24:32","date_gmt":"2020-07-23T19:24:32","guid":{"rendered":"http:\/\/stuiter.nl\/wordpress\/?page_id=115"},"modified":"2026-04-14T09:43:47","modified_gmt":"2026-04-14T08:43:47","slug":"medewerkers","status":"publish","type":"page","link":"https:\/\/stuiter.nl\/wordpress\/index.php\/medewerkers\/","title":{"rendered":"Medewerkers"},"content":{"rendered":"\n<p>Theater Stuiter bestaat uit een <span class=\"has-inline-color has-luminous-vivid-amber-color\">productieteam, acteurs, vormgevers, trainers <\/span><span class=\"has-inline-color has-very-dark-gray-color\">en <\/span><span class=\"has-inline-color has-luminous-vivid-amber-color\">muzikanten.<\/span><\/p>\n\n\n\n<ul class=\"wp-block-list\">\n<li>Het productieteam is verantwoordelijk voor alle organisatorische activiteiten.<\/li>\n\n\n\n<li>De acteurs zijn enthousiaste spelers met een theateropleiding. Acteurs blijven soms \u00e9\u00e9n, vaak meerdere seizoenen aan Stuiter verbonden.<\/li>\n\n\n\n<li>Stuiter werkt voor elke productie met vormgevers voor het maken van kostuums, decor, publiciteitsmateriaal en lesbrieven.<\/li>\n\n\n\n<li>Trainers begeleiden de acteurs op het gebied van dans, stemgebruik, zang en acrobatiek.<\/li>\n\n\n\n<li>Speldocenten werken met kinderen en jongeren aan voorstellingen.<\/li>\n\n\n\n<li>Muziek wordt speciaal voor onze voorstellingen gecomponeerd en uitgevoerd.<br><br><\/li>\n<\/ul>\n\n\n\n<p class=\"BebasNeue\" style=\"font-size:24px\"><mark style=\"background-color:rgba(0, 0, 0, 0)\" class=\"has-inline-color has-luminous-vivid-amber-color\">WIE IS WIE?<\/mark><\/p>\n\n\n\n<p>Klik op de namen van de acteurs voor een kort interview.<\/p>\n\n\n\n<div class=\"wp-block-columns is-layout-flex wp-container-core-columns-is-layout-9d6595d7 wp-block-columns-is-layout-flex\">\n<div class=\"wp-block-column is-layout-flow wp-block-column-is-layout-flow\">\n<p class=\"has-luminous-vivid-amber-background-color has-background\">ACTEURS<br><br><mark style=\"background-color:rgba(0, 0, 0, 0);color:#0071a1\" class=\"has-inline-color\">> <a href=\"http:\/\/stuiter.nl\/wordpress\/index.php\/annemieke-van-westerloo\/\" data-type=\"page\" data-id=\"220\">Annemieke van Westerloo<\/a><br>> <a href=\"http:\/\/stuiter.nl\/wordpress\/index.php\/audrey-kluiters\/\">Audrey Kluiters<\/a><br><mark style=\"background-color:rgba(0, 0, 0, 0);color:#0071a1\" class=\"has-inline-color\">> <a href=\"http:\/\/stuiter.nl\/wordpress\/index.php\/claudia-neeft\/\">Claudia Neeft<\/a><mark style=\"background-color:rgba(0, 0, 0, 0);color:#0071a1\" class=\"has-inline-color\"><br>> <a href=\"http:\/\/stuiter.nl\/wordpress\/index.php\/caroline-moezelaar\/\" data-type=\"page\" data-id=\"811\">Floris Paardekooper<\/a><\/mark><\/mark><br>> <a href=\"http:\/\/stuiter.nl\/wordpress\/index.php\/jose-schuringa\/\">Jos\u00e9 Schuringa<\/a><br><mark style=\"background-color:rgba(0, 0, 0, 0);color:#0071a1\" class=\"has-inline-color\"><mark style=\"background-color:rgba(0, 0, 0, 0);color:#0071a1\" class=\"has-inline-color\"><mark style=\"background-color:rgba(0, 0, 0, 0);color:#0071a1\" class=\"has-inline-color\">> <a href=\"http:\/\/stuiter.nl\/wordpress\/index.php\/lois-bozac\/\" data-type=\"page\" data-id=\"1120\">Lo\u00efs Bozac<\/a><\/mark><br><\/mark><\/mark>> <a href=\"http:\/\/stuiter.nl\/wordpress\/index.php\/merel-jansen\/\">Merel Jansen<\/a><br>> <a href=\"http:\/\/stuiter.nl\/wordpress\/index.php\/sander-israels\/\">Sander Isra\u00ebls<\/a><\/mark><\/p>\n<\/div>\n\n\n\n<div class=\"wp-block-column is-layout-flow wp-block-column-is-layout-flow\">\n<p class=\"has-luminous-vivid-amber-background-color has-background\">PRODUCTIE<br><br>Arjen Arnoldussen: voorzitter<br>Brigitte Isra\u00ebls: d\u00e9cor<br>Esther van Zutphen: beweging<br>Ferry van Slooten: kostuums<br>Hans van der Maas: zakelijke leiding<br>Joeri Geuzinge &amp; Jo\u00ebl Isra\u00ebls: website<br>Karel Tadema: muziek<br>Marije Hofland: dramaturgie en educatie<br>Sander Isra\u00ebls: artistieke leiding<br>whodith Judith Schmidt: lay-out, illustraties<\/p>\n<\/div>\n<\/div>\n\n\n\n<p><\/p>\n","protected":false},"excerpt":{"rendered":"<p>Theater Stuiter bestaat uit een productieteam, acteurs, vormgevers, trainers en muzikanten. WIE IS WIE? Klik op de namen van de acteurs voor een kort interview. ACTEURS > Annemieke van Westerloo> Audrey Kluiters> Claudia Neeft> Floris Paardekooper> Jos\u00e9 Schuringa> Lo\u00efs Bozac> Merel Jansen> Sander Isra\u00ebls PRODUCTIE Arjen Arnoldussen: voorzitterBrigitte Isra\u00ebls: d\u00e9corEsther van Zutphen: bewegingFerry van Slooten: [&hellip;]<\/p>\n","protected":false},"author":1,"featured_media":0,"parent":0,"menu_order":0,"comment_status":"closed","ping_status":"closed","template":"","meta":{"footnotes":""},"class_list":["post-115","page","type-page","status-publish","hentry"],"_links":{"self":[{"href":"https:\/\/stuiter.nl\/wordpress\/index.php\/wp-json\/wp\/v2\/pages\/115","targetHints":{"allow":["GET"]}}],"collection":[{"href":"https:\/\/stuiter.nl\/wordpress\/index.php\/wp-json\/wp\/v2\/pages"}],"about":[{"href":"https:\/\/stuiter.nl\/wordpress\/index.php\/wp-json\/wp\/v2\/types\/page"}],"author":[{"embeddable":true,"href":"https:\/\/stuiter.nl\/wordpress\/index.php\/wp-json\/wp\/v2\/users\/1"}],"replies":[{"embeddable":true,"href":"https:\/\/stuiter.nl\/wordpress\/index.php\/wp-json\/wp\/v2\/comments?post=115"}],"version-history":[{"count":31,"href":"https:\/\/stuiter.nl\/wordpress\/index.php\/wp-json\/wp\/v2\/pages\/115\/revisions"}],"predecessor-version":[{"id":1425,"href":"https:\/\/stuiter.nl\/wordpress\/index.php\/wp-json\/wp\/v2\/pages\/115\/revisions\/1425"}],"wp:attachment":[{"href":"https:\/\/stuiter.nl\/wordpress\/index.php\/wp-json\/wp\/v2\/media?parent=115"}],"curies":[{"name":"wp","href":"https:\/\/api.w.org\/{rel}","templated":true}]}}